{"id":445,"date":"2015-09-10T13:45:39","date_gmt":"2015-09-10T13:45:39","guid":{"rendered":"http:\/\/thevoux.fuelthemes.net\/shop\/"},"modified":"2016-02-29T11:45:12","modified_gmt":"2016-02-29T10:45:12","slug":"shop","status":"publish","type":"page","link":"https:\/\/www.towesele.pl\/blog-slubny\/shop","title":{"rendered":"Shop"},"content":{"rendered":"","protected":false},"excerpt":{"rendered":"","protected":false},"author":1,"featured_media":0,"parent":0,"menu_order":0,"comment_status":"closed","ping_status":"closed","template":"","meta":{"footnotes":""},"class_list":["post-445","page","type-page","status-publish","hentry"],"yoast_head":"<!-- This site is optimized with the Yoast SEO Premium plugin v20.0 (Yoast SEO v24.7) - https:\/\/yoast.com\/wordpress\/plugins\/seo\/ -->\n<title>Shop - Blog \u015blubny - Porady i Moda \u015alubna<\/title>\n<meta name=\"robots\" content=\"index, follow, max-snippet:-1, max-image-preview:large, max-video-preview:-1\" \/>\n<link rel=\"canonical\" href=\"https:\/\/www.towesele.pl\/blog-slubny\/shop\" \/>\n<meta property=\"og:locale\" content=\"pl_PL\" \/>\n<meta property=\"og:type\" content=\"article\" \/>\n<meta property=\"og:title\" content=\"Shop\" \/>\n<meta property=\"og:url\" content=\"https:\/\/www.towesele.pl\/blog-slubny\/shop\" \/>\n<meta property=\"og:site_name\" content=\"Blog \u015blubny - Porady i Moda \u015alubna\" \/>\n<meta property=\"article:publisher\" content=\"https:\/\/www.facebook.com\/towesele\" \/>\n<meta property=\"article:modified_time\" content=\"2016-02-29T10:45:12+00:00\" \/>\n<meta property=\"og:image\" content=\"https:\/\/www.towesele.pl\/blog-slubny\/wp-content\/uploads\/2017\/10\/logo.png\" \/>\n\t<meta property=\"og:image:width\" content=\"393\" \/>\n\t<meta property=\"og:image:height\" content=\"98\" \/>\n\t<meta property=\"og:image:type\" content=\"image\/png\" \/>\n<meta name=\"twitter:card\" content=\"summary_large_image\" \/>\n<meta name=\"twitter:site\" content=\"@towesele\" \/>\n<script type=\"application\/ld+json\" class=\"yoast-schema-graph\">{\"@context\":\"https:\/\/schema.org\",\"@graph\":[{\"@type\":\"WebPage\",\"@id\":\"https:\/\/www.towesele.pl\/blog-slubny\/shop\",\"url\":\"https:\/\/www.towesele.pl\/blog-slubny\/shop\",\"name\":\"Shop - Blog \u015blubny - Porady i Moda \u015alubna\",\"isPartOf\":{\"@id\":\"https:\/\/www.towesele.pl\/blog-slubny\/#website\"},\"datePublished\":\"2015-09-10T13:45:39+00:00\",\"dateModified\":\"2016-02-29T10:45:12+00:00\",\"breadcrumb\":{\"@id\":\"https:\/\/www.towesele.pl\/blog-slubny\/shop#breadcrumb\"},\"inLanguage\":\"pl-PL\",\"potentialAction\":[{\"@type\":\"ReadAction\",\"target\":[\"https:\/\/www.towesele.pl\/blog-slubny\/shop\"]}]},{\"@type\":\"BreadcrumbList\",\"@id\":\"https:\/\/www.towesele.pl\/blog-slubny\/shop#breadcrumb\",\"itemListElement\":[{\"@type\":\"ListItem\",\"position\":1,\"name\":\"Strona g\u0142\u00f3wna\",\"item\":\"https:\/\/www.towesele.pl\/blog-slubny\/\"},{\"@type\":\"ListItem\",\"position\":2,\"name\":\"Shop\"}]},{\"@type\":\"WebSite\",\"@id\":\"https:\/\/www.towesele.pl\/blog-slubny\/#website\",\"url\":\"https:\/\/www.towesele.pl\/blog-slubny\/\",\"name\":\"Blog \u015blubny - Porady i Moda \u015alubna\",\"description\":\"Blog \u015blubny - tu znajdziesz przydatne porady i artyku\u0142y do \u015blubu. Twoja przygoda z realizacj\u0105 \u015blubu i wesela rozpoczyna si\u0119 na towesele.pl\",\"publisher\":{\"@id\":\"https:\/\/www.towesele.pl\/blog-slubny\/#organization\"},\"potentialAction\":[{\"@type\":\"SearchAction\",\"target\":{\"@type\":\"EntryPoint\",\"urlTemplate\":\"https:\/\/www.towesele.pl\/blog-slubny\/?s={search_term_string}\"},\"query-input\":{\"@type\":\"PropertyValueSpecification\",\"valueRequired\":true,\"valueName\":\"search_term_string\"}}],\"inLanguage\":\"pl-PL\"},{\"@type\":\"Organization\",\"@id\":\"https:\/\/www.towesele.pl\/blog-slubny\/#organization\",\"name\":\"Blog \u015blubny - Porady i Moda \u015alubna\",\"url\":\"https:\/\/www.towesele.pl\/blog-slubny\/\",\"logo\":{\"@type\":\"ImageObject\",\"inLanguage\":\"pl-PL\",\"@id\":\"https:\/\/www.towesele.pl\/blog-slubny\/#\/schema\/logo\/image\/\",\"url\":\"https:\/\/www.towesele.pl\/blog-slubny\/wp-content\/uploads\/2017\/10\/logo.png\",\"contentUrl\":\"https:\/\/www.towesele.pl\/blog-slubny\/wp-content\/uploads\/2017\/10\/logo.png\",\"width\":393,\"height\":98,\"caption\":\"Blog \u015blubny - Porady i Moda \u015alubna\"},\"image\":{\"@id\":\"https:\/\/www.towesele.pl\/blog-slubny\/#\/schema\/logo\/image\/\"},\"sameAs\":[\"https:\/\/www.facebook.com\/towesele\",\"https:\/\/x.com\/towesele\",\"https:\/\/www.instagram.com\/towesele\/\",\"https:\/\/pl.pinterest.com\/toweselepl\/\"]}]}<\/script>\n<!-- \/ Yoast SEO Premium plugin. -->","yoast_head_json":{"title":"Shop - Blog \u015blubny - Porady i Moda \u015alubna","robots":{"index":"index","follow":"follow","max-snippet":"max-snippet:-1","max-image-preview":"max-image-preview:large","max-video-preview":"max-video-preview:-1"},"canonical":"https:\/\/www.towesele.pl\/blog-slubny\/shop","og_locale":"pl_PL","og_type":"article","og_title":"Shop","og_url":"https:\/\/www.towesele.pl\/blog-slubny\/shop","og_site_name":"Blog \u015blubny - Porady i Moda \u015alubna","article_publisher":"https:\/\/www.facebook.com\/towesele","article_modified_time":"2016-02-29T10:45:12+00:00","og_image":[{"width":393,"height":98,"url":"https:\/\/www.towesele.pl\/blog-slubny\/wp-content\/uploads\/2017\/10\/logo.png","type":"image\/png"}],"twitter_card":"summary_large_image","twitter_site":"@towesele","schema":{"@context":"https:\/\/schema.org","@graph":[{"@type":"WebPage","@id":"https:\/\/www.towesele.pl\/blog-slubny\/shop","url":"https:\/\/www.towesele.pl\/blog-slubny\/shop","name":"Shop - Blog \u015blubny - Porady i Moda \u015alubna","isPartOf":{"@id":"https:\/\/www.towesele.pl\/blog-slubny\/#website"},"datePublished":"2015-09-10T13:45:39+00:00","dateModified":"2016-02-29T10:45:12+00:00","breadcrumb":{"@id":"https:\/\/www.towesele.pl\/blog-slubny\/shop#breadcrumb"},"inLanguage":"pl-PL","potentialAction":[{"@type":"ReadAction","target":["https:\/\/www.towesele.pl\/blog-slubny\/shop"]}]},{"@type":"BreadcrumbList","@id":"https:\/\/www.towesele.pl\/blog-slubny\/shop#breadcrumb","itemListElement":[{"@type":"ListItem","position":1,"name":"Strona g\u0142\u00f3wna","item":"https:\/\/www.towesele.pl\/blog-slubny\/"},{"@type":"ListItem","position":2,"name":"Shop"}]},{"@type":"WebSite","@id":"https:\/\/www.towesele.pl\/blog-slubny\/#website","url":"https:\/\/www.towesele.pl\/blog-slubny\/","name":"Blog \u015blubny - Porady i Moda \u015alubna","description":"Blog \u015blubny - tu znajdziesz przydatne porady i artyku\u0142y do \u015blubu. Twoja przygoda z realizacj\u0105 \u015blubu i wesela rozpoczyna si\u0119 na towesele.pl","publisher":{"@id":"https:\/\/www.towesele.pl\/blog-slubny\/#organization"},"potentialAction":[{"@type":"SearchAction","target":{"@type":"EntryPoint","urlTemplate":"https:\/\/www.towesele.pl\/blog-slubny\/?s={search_term_string}"},"query-input":{"@type":"PropertyValueSpecification","valueRequired":true,"valueName":"search_term_string"}}],"inLanguage":"pl-PL"},{"@type":"Organization","@id":"https:\/\/www.towesele.pl\/blog-slubny\/#organization","name":"Blog \u015blubny - Porady i Moda \u015alubna","url":"https:\/\/www.towesele.pl\/blog-slubny\/","logo":{"@type":"ImageObject","inLanguage":"pl-PL","@id":"https:\/\/www.towesele.pl\/blog-slubny\/#\/schema\/logo\/image\/","url":"https:\/\/www.towesele.pl\/blog-slubny\/wp-content\/uploads\/2017\/10\/logo.png","contentUrl":"https:\/\/www.towesele.pl\/blog-slubny\/wp-content\/uploads\/2017\/10\/logo.png","width":393,"height":98,"caption":"Blog \u015blubny - Porady i Moda \u015alubna"},"image":{"@id":"https:\/\/www.towesele.pl\/blog-slubny\/#\/schema\/logo\/image\/"},"sameAs":["https:\/\/www.facebook.com\/towesele","https:\/\/x.com\/towesele","https:\/\/www.instagram.com\/towesele\/","https:\/\/pl.pinterest.com\/toweselepl\/"]}]}},"_links":{"self":[{"href":"https:\/\/www.towesele.pl\/blog-slubny\/wp-json\/wp\/v2\/pages\/445","targetHints":{"allow":["GET"]}}],"collection":[{"href":"https:\/\/www.towesele.pl\/blog-slubny\/wp-json\/wp\/v2\/pages"}],"about":[{"href":"https:\/\/www.towesele.pl\/blog-slubny\/wp-json\/wp\/v2\/types\/page"}],"author":[{"embeddable":true,"href":"https:\/\/www.towesele.pl\/blog-slubny\/wp-json\/wp\/v2\/users\/1"}],"replies":[{"embeddable":true,"href":"https:\/\/www.towesele.pl\/blog-slubny\/wp-json\/wp\/v2\/comments?post=445"}],"version-history":[{"count":0,"href":"https:\/\/www.towesele.pl\/blog-slubny\/wp-json\/wp\/v2\/pages\/445\/revisions"}],"wp:attachment":[{"href":"https:\/\/www.towesele.pl\/blog-slubny\/wp-json\/wp\/v2\/media?parent=445"}],"curies":[{"name":"wp","href":"https:\/\/api.w.org\/{rel}","templated":true}]}}